{"id":5,"date":"2018-05-19T00:29:43","date_gmt":"2018-05-18T22:29:43","guid":{"rendered":"http:\/\/jeremie-planckaert.com\/index.php\/one-page-express-pro\/"},"modified":"2018-06-21T20:44:35","modified_gmt":"2018-06-21T18:44:35","slug":"one-page-express-pro","status":"publish","type":"page","link":"https:\/\/jeremie-planckaert.com\/","title":{"rendered":"D\u00e9veloppeur Unity, C# &#038; NodeJs"},"content":{"rendered":"<div  data-label=\"About us\" data-id=\"about-image-section-pro\" data-category=\"about\" class=\"about-image-section-pro\" id=\"about-us-2\" style=\"background-image: none; background-color: rgb(30, 115, 190);\" data-ovid=\"ovid-about-us-2-259\">\n<div  class=\"gridContainer\">\n<div  class=\"row about-image-gridcol-pro\">\n<div  class=\"about-image-textcol-pro\" data-type=\"column\">\n<h2  class=\"\"><span  style=\"color: #ffffff;\">D\u00e9veloppeur \u00e0 votre service<\/span><\/h2>\n<p  class=\"\"><span  style=\"color: #ffffff;\">D\u00e9veloppeur depuis plus de 10 ans dans le jeu-vid\u00e9o et le web, je met mon expertise \u00e0 votre service pour rendre vos projets possibles.\n<\/span><\/p>\n\n<p  class=\"\"><span style=\"color: rgb(255, 255, 255); font-family: &quot;Source Sans Pro&quot;, Helvetica, Arial, sans-serif; font-size: 18px;\" >Toujours \u00e0 la recherche de nouveaux d\u00e9fis, je me suis sp\u00e9cialis\u00e9 dans le d\u00e9veloppement Unity.&nbsp; Les diverses r\u00e9alisations auxquelles j&#8217;ai particip\u00e9 m&#8217;ont permises d&#8217;explorer le domaine des jeux-vid\u00e9o, des applications mobiles et de la r\u00e9alit\u00e9 augment\u00e9e.<\/span><\/p><p  class=\"\"><span style=\"color: rgb(255, 255, 255); font-family: &quot;Source Sans Pro&quot;, Helvetica, Arial, sans-serif; font-size: 18px;\" ><span style=\"font-family: &quot;Source Sans Pro&quot;, Helvetica, Arial, sans-serif; font-size: 18px;\" >J&#8217;habite \u00e0 Mouscron en Belgique, \u00e0 proximit\u00e9 de Tournai et de Lille (France). Je peux travailler en vos bureaux ou en t\u00e9l\u00e9-travail, \u00e0 votre convenance.<\/span><\/span><\/p><p  class=\"\"><span  style=\"font-size: 18px; font-family: &quot;Source Sans Pro&quot;, Helvetica, Arial, sans-serif; color: rgb(255, 255, 255);\">N&#8217;h\u00e9sitez pas \u00e0 me contacter afin d&#8217;\u00e9changer ensemble de vos besoins et de concr\u00e9tiser ensemble <\/span><span style=\"color: rgb(255, 255, 255); font-family: &quot;Source Sans Pro&quot;, Helvetica, Arial, sans-serif; font-size: 18px;\" >vos id\u00e9es.<\/span><\/p><\/div>\n<div  data-type=\"column\" class=\"\"><a  class=\"button color1\" href=\"#contact\" target=\"_self\" data-icon=\"\">ME CONTACTER<\/a><\/div>\n<\/div>\n<\/div>\n<\/div><div  data-label=\"Competences\" data-id=\"stripped-features-image-cards-section\" data-category=\"overlapable\" data-=\"\" class=\"features-image-cards-section stripped-features-image-cards-section content-relative\" data-overlap=\"true\" id=\"competences\" style=\"background-color: #1e73be; background-image: none;\" data-ovid=\"ovid-competences-737\">\n<div  class=\"gridContainer\">\n<div  class=\"features-image-cards-innerrow flexbox-list\" data-type=\"row\">\n<div  class=\"features-image-cards-cardcol cp4cols cp6cols-tablet\">\n<div  class=\"features-image-cards-cardrow\">\n\n<img decoding=\"async\"  class=\"features-image-cards-featimg\" src=\"http:\/\/jeremie-planckaert.com\/wp-content\/uploads\/2018\/05\/pankapu-screenshot-06.png\">\n<div  class=\"features-image-cards-cardtextrow\" data-type=\"column\">\n<h4  class=\"\">D\u00e9veloppement Unity<\/h4>\n<p  class=\"\"><span  style=\"font-family: 'Source Sans Pro', Helvetica, Arial, sans-serif; font-size: 18px; text-align: center;\">Plusieurs ann\u00e9es d\u2019exp\u00e9rience dans le d\u00e9veloppement de jeux-vid\u00e9o me permettent de g\u00e9rer la cr\u00e9ation d\u2019un projet de A \u00e0 Z, du prototypage au portage console.<\/span><\/p>\n\n<\/div>\n<\/div>\n<\/div>\n<div  class=\"features-image-cards-cardcol cp4cols cp6cols-tablet\">\n<div  class=\"features-image-cards-cardrow\">\n\n<img decoding=\"async\"  class=\"features-image-cards-featimg\" src=\"http:\/\/jeremie-planckaert.com\/wp-content\/uploads\/2018\/05\/debugsession-e1526739288154.png\">\n<div  class=\"features-image-cards-cardtextrow\" data-type=\"column\">\n<h4  class=\"\">D\u00e9veloppement NodeJS &amp; Web<\/h4>\n<p  class=\"\"><span  style=\"font-family: 'Source Sans Pro', Helvetica, Arial, sans-serif; font-size: 18px; text-align: center;\">D\u00e9veloppeur fullstack NodeJS, pour la cr\u00e9ation de client lourd ou d\u2019application web.<\/span><\/p>\n\n<\/div>\n<\/div>\n<\/div>\n<div  class=\"features-image-cards-cardcol cp4cols cp6cols-tablet\">\n<div  class=\"features-image-cards-cardrow\">\n\n<img decoding=\"async\"  class=\"features-image-cards-featimg\" src=\"http:\/\/jeremie-planckaert.com\/wp-content\/uploads\/2018\/05\/apple-productivity-apps-e1526739235406.jpg\">\n<div  class=\"features-image-cards-cardtextrow\" data-type=\"column\">\n<h4  class=\"\">D\u00e9veloppement mobile<\/h4>\n<p  class=\"\">Cr\u00e9ation d\u2019applications adapt\u00e9es aux support mobile avec Xamarin ou de jeux mobiles avec Unity.<\/p>\n\n<\/div>\n<\/div>\n<\/div>\n<\/div>\n<\/div>\n<\/div><div  data-label=\"Realisations\" data-id=\"cta-centered-section-grid\" data-category=\"cta\" class=\"cta-centered-section white-text cta-centered-section-grid content-relative\" id=\"realisations\" style=\"background-image: none; background-color: rgb(1, 100, 189);\" data-ovid=\"ovid-projets-2906\">\n<div  class=\"gridContainer\">\n<div  class=\"row\">\n<div  class=\"cta-centered-section-col dynamic-color\" data-type=\"column\">\n<h3  class=\"cta-centered-section-tite\"><span style=\"color: rgb(255, 255, 255);\" ><b >Mes r\u00e9alisations<\/b><\/span><\/h3>\n\n\n<p  class=\"\">Voici deux exemples de projets de jeux-vid\u00e9o auxquels j&#8217;ai particip\u00e9 activement.<\/p><\/div>\n<\/div>\n<\/div>\n<\/div><div data-label=\"Pankapu\" data-id=\"content-video-left\" data-category=\"content\" class=\"content-left-video-section content-video-left content-relative\" id=\"pankapu\"  style=\"background-color: rgb(1, 100, 189); background-image: none; background-size: cover; background-position: center top;\" data-ovid=\"ovid-pankapu-6728\"><div class=\"section-separator-bottom\" >\n    \n<\/div> <div class=\"gridContainer dynamic-color\" > <div class=\"content-left-video-innerrow\" > <div class=\"content-left-video-imgcol\" data-bg=\"image\" data-type=\"group\"  style=\"background-image: url(&quot;http:\/\/jeremie-planckaert.com\/wp-content\/uploads\/2018\/05\/pankapu-screenshot-02.png&quot;);\"> <a data-fancybox=\"\" href=\"https:\/\/www.youtube.com\/watch?v=8y5W08MN7t8\" data-video-lightbox=\"true\" > <i data-cp-fa=\"true\" class=\"font-video-icon fa fa-play-circle-o color6\" ><\/i> <\/a> <\/div> <div class=\"content-left-video-textcol\" data-type=\"column\" > <h2 class=\"\" ><span style=\"color: rgb(251, 192, 45);\" >Pankapu<\/span><\/h2> <p class=\"\" ><span style=\"color: rgb(255, 255, 255); font-family: &quot;Source Sans Pro&quot;, Helvetica, Arial, sans-serif; font-size: 18px; text-align: center;\" >R\u00e9alis\u00e9 avec Unity, Pankapu est un jeu de plateformes en 2D sorti sur PC, Nintendo Switch, Xbox One et PS4.<\/span><\/p> <p  class=\"\"><span style=\"color: rgb(255, 255, 255); font-family: &quot;Source Sans Pro&quot;, Helvetica, Arial, sans-serif; font-size: 18px; text-align: center;\" >Comme nous \u00e9tions dans un studio ind\u00e9pendant, toute la partie technique a \u00e9t\u00e9 r\u00e9alis\u00e9e par mes soins.&nbsp;<\/span><\/p><p  class=\"\"><span style=\"color: rgb(255, 255, 255); font-family: &quot;Source Sans Pro&quot;, Helvetica, Arial, sans-serif; font-size: 18px; text-align: center;\" >J&#8217;ai ai donc d\u00e9velopp\u00e9 le moteur physique, les outils de level design, les portages consoles, etc&#8230;<\/span><\/p><\/div> <\/div> <\/div><\/div><div data-label=\"Draker\" data-id=\"content-video-right\" data-category=\"content\" class=\"content-right-video-section content-video-right content-relative\" id=\"draker\"  style=\"background-color: rgb(1, 100, 189); background-image: none;\" data-ovid=\"ovid-drakerz-1-6619\"> <div class=\"gridContainer\" > <div class=\"content-left-video-innerrow\" > <div class=\"content-right-video-textcol dynamic-color\" data-type=\"column\" > <h2 class=\"\" ><span style=\"color: rgb(251, 192, 45);\" >Drakerz<\/span><\/h2> <p class=\"\" ><span style=\"color: rgb(255, 255, 255);\" >Drakerz est un jeu de cartes \u00e0 collectionner mulitjoueur en r\u00e9alit\u00e9 augment\u00e9e. Il a \u00e9t\u00e9 r\u00e9alis\u00e9 en C++ avec le moteur Ogre3D.<\/span><\/p> <p  class=\"\"><font color=\"#ffffff\" >J&#8217;ai particip\u00e9 aux diff\u00e9rentes \u00e9tapes de d\u00e9veloppement de ce jeu.<\/font><\/p><p  class=\"\"><span style=\"color: rgb(255, 255, 255);\" >Tout d&#8217;abord, la r\u00e9alisation du moteur de reconnaissance de cartes. Ensuite, le d\u00e9veloppement du moteur de combat. Par apr\u00e8s, j&#8217;ai \u00e9galement travaill\u00e9 sur le serveur de jeu.<\/span><\/p><\/div> <div class=\"content-left-video-imgcol\" data-type=\"group\" data-bg=\"image\"  style=\"background-image: url(&quot;http:\/\/jeremie-planckaert.com\/wp-content\/uploads\/2018\/05\/DrakerzIngame.jpg&quot;);\"> <a data-fancybox=\"\" href=\"https:\/\/www.youtube.com\/watch?v=J45TD6FoQOM\" data-video-lightbox=\"true\" ><i data-cp-fa=\"true\" class=\"font-video-icon fa fa-play-circle-o color6\" ><\/i><\/a> <\/div> <\/div> <\/div><\/div><div  id=\"contact\" data-label=\"Contact\" data-id=\"contact-section\" data-category=\"contact\" data-bg=\"transparent\" class=\"contact-section-formsection white-text\" style=\"background-image: none; background-color: #1e73be; background-size: auto 906px; background-repeat: no-repeat; background-position: center top 70.6514%;\" data-ovid=\"ovid-contact-4-2805\">\n<div  class=\"gridContainer\">\n<div  class=\"row_224\">\n<div  class=\"contact-textrow\">\n<div  class=\"contact-textcol dynamic-color\">\n<h2 >Contact<\/h2>\n<p  class=\"white_text\">Besoin d\u2019un devis, d\u2019un conseil ? Contactez moi !<\/p>\n\n<\/div>\n<\/div>\n<\/div>\n<div  class=\"contact-formcol\" data-content-shortcode=\"one_page_express_contact_form shortcode=&quot;contact-form-7 id=&amp;amp;quot;102&amp;amp;quot; title=&amp;amp;quot;Contact&amp;amp;quot;&quot;\" data-editable=\"true\">\n<div class=\"wpcf7 no-js\" id=\"wpcf7-f102-o1\" lang=\"fr-FR\" dir=\"ltr\">\n<div class=\"screen-reader-response\"><p role=\"status\" aria-live=\"polite\" aria-atomic=\"true\"><\/p> <ul><\/ul><\/div>\n<form action=\"\/index.php\/wp-json\/wp\/v2\/pages\/5#wpcf7-f102-o1\" method=\"post\" class=\"wpcf7-form init\" aria-label=\"Formulaire de contact\" novalidate=\"novalidate\" data-status=\"init\">\n<div style=\"display: none;\">\n<input type=\"hidden\" name=\"_wpcf7\" value=\"102\" \/>\n<input type=\"hidden\" name=\"_wpcf7_version\" value=\"5.9.5\" \/>\n<input type=\"hidden\" name=\"_wpcf7_locale\" value=\"fr_FR\" \/>\n<input type=\"hidden\" name=\"_wpcf7_unit_tag\" value=\"wpcf7-f102-o1\" \/>\n<input type=\"hidden\" name=\"_wpcf7_container_post\" value=\"0\" \/>\n<input type=\"hidden\" name=\"_wpcf7_posted_data_hash\" value=\"\" \/>\n<input type=\"hidden\" name=\"_wpcf7_recaptcha_response\" value=\"\" \/>\n<\/div>\n<p><label> Votre nom (obligatoire)<br \/>\n<span class=\"wpcf7-form-control-wrap\" data-name=\"your-name\"><input size=\"40\" class=\"wpcf7-form-control wpcf7-text wpcf7-validates-as-required\" aria-required=\"true\" aria-invalid=\"false\" value=\"\" type=\"text\" name=\"your-name\" \/><\/span> <\/label>\n<\/p>\n<p><label> Votre adresse de messagerie (obligatoire)<br \/>\n<span class=\"wpcf7-form-control-wrap\" data-name=\"your-email\"><input size=\"40\" class=\"wpcf7-form-control wpcf7-email wpcf7-validates-as-required wpcf7-text wpcf7-validates-as-email\" aria-required=\"true\" aria-invalid=\"false\" value=\"\" type=\"email\" name=\"your-email\" \/><\/span> <\/label>\n<\/p>\n<p><label> Objet<br \/>\n<span class=\"wpcf7-form-control-wrap\" data-name=\"your-subject\"><input size=\"40\" class=\"wpcf7-form-control wpcf7-text\" aria-invalid=\"false\" value=\"\" type=\"text\" name=\"your-subject\" \/><\/span> <\/label>\n<\/p>\n<p><label> Votre message<br \/>\n<span class=\"wpcf7-form-control-wrap\" data-name=\"your-message\"><textarea cols=\"40\" rows=\"10\" class=\"wpcf7-form-control wpcf7-textarea\" aria-invalid=\"false\" name=\"your-message\"><\/textarea><\/span> <\/label>\n<\/p>\n\n<p><input class=\"wpcf7-form-control wpcf7-submit has-spinner\" type=\"submit\" value=\"Envoyer\" \/>\n<\/p><div class=\"wpcf7-response-output\" aria-hidden=\"true\"><\/div>\n<\/form>\n<\/div>\n<\/div>\n<\/div>\n<\/div>","protected":false},"excerpt":{"rendered":"<p>D\u00e9veloppeur \u00e0 votre service D\u00e9veloppeur depuis plus de 10 ans dans le jeu-vid\u00e9o et le web, je met mon expertise \u00e0 votre service pour rendre vos projets possibles. Toujours \u00e0 la recherche de nouveaux d\u00e9fis, je me suis sp\u00e9cialis\u00e9 dans le d\u00e9veloppement Unity.&nbsp; Les diverses r\u00e9alisations auxquelles j&#8217;ai particip\u00e9 m&#8217;ont permises d&#8217;explorer le domaine des&hellip; <br \/> <a class=\"button small blue\" href=\"https:\/\/jeremie-planckaert.com\/\">Read more<\/a><\/p>\n","protected":false},"author":1,"featured_media":0,"parent":0,"menu_order":0,"comment_status":"closed","ping_status":"closed","template":"full-width-page.php","meta":{"footnotes":""},"_links":{"self":[{"href":"https:\/\/jeremie-planckaert.com\/index.php\/wp-json\/wp\/v2\/pages\/5"}],"collection":[{"href":"https:\/\/jeremie-planckaert.com\/index.php\/wp-json\/wp\/v2\/pages"}],"about":[{"href":"https:\/\/jeremie-planckaert.com\/index.php\/wp-json\/wp\/v2\/types\/page"}],"author":[{"embeddable":true,"href":"https:\/\/jeremie-planckaert.com\/index.php\/wp-json\/wp\/v2\/users\/1"}],"replies":[{"embeddable":true,"href":"https:\/\/jeremie-planckaert.com\/index.php\/wp-json\/wp\/v2\/comments?post=5"}],"version-history":[{"count":51,"href":"https:\/\/jeremie-planckaert.com\/index.php\/wp-json\/wp\/v2\/pages\/5\/revisions"}],"predecessor-version":[{"id":172,"href":"https:\/\/jeremie-planckaert.com\/index.php\/wp-json\/wp\/v2\/pages\/5\/revisions\/172"}],"wp:attachment":[{"href":"https:\/\/jeremie-planckaert.com\/index.php\/wp-json\/wp\/v2\/media?parent=5"}],"curies":[{"name":"wp","href":"https:\/\/api.w.org\/{rel}","templated":true}]}}